{"id":53,"date":"2022-03-01T06:47:00","date_gmt":"2022-03-01T05:47:00","guid":{"rendered":"http:\/\/smstudent.pl\/?page_id=53"},"modified":"2025-11-20T12:57:23","modified_gmt":"2025-11-20T11:57:23","slug":"regulaminy","status":"publish","type":"page","link":"https:\/\/smstudent.pl\/index.php\/lokator\/regulaminy\/","title":{"rendered":"Regulaminy"},"content":{"rendered":"\n<div class=\"wp-block-file\"><a id=\"wp-block-file--media-b15fde35-87e9-49df-ae31-158f9ad1b034\" href=\"https:\/\/smstudent.pl\/wp-content\/uploads\/2022\/06\/regulamin-E-czynsze.pdf\">1. Regulamin funkcjonowania modu\u0142u informatycznego &#8222;E-czynsze&#8221; w Sp\u00f3\u0142dzielni Mieszkaniowej &#8222;Student&#8221; w Szczecinie.:<\/a><a href=\"https:\/\/smstudent.pl\/wp-content\/uploads\/2022\/06\/regulamin-E-czynsze.pdf\" class=\"wp-block-file__button wp-element-button\" download aria-describedby=\"wp-block-file--media-b15fde35-87e9-49df-ae31-158f9ad1b034\">Pobierz<\/a><\/div>\n\n\n\n<div class=\"wp-block-file\"><a id=\"wp-block-file--media-9d7253c7-a680-4d17-b534-74303427329f\" href=\"https:\/\/smstudent.pl\/wp-content\/uploads\/2022\/06\/REGULAMIN_ZASAD_BUDOWY_WIND_FUNDUSZU_SRODKOW_FINANSOWYCH_NA_BUDOWE_WIND_ROZLICZENIA_INWESTYCJI_I_EKSPLOATACJI-WIND-stan-na-dzien-26.10.2021r..pdf\">2. Regulamin zasad budowy wind, funduszu \u015brodk\u00f3w finansowych na budow\u0119 wind, rozliczenia inwestycji i eksploatacji wind &#8211; stan na dzie\u0144 26.10.2021r.<\/a><a href=\"https:\/\/smstudent.pl\/wp-content\/uploads\/2022\/06\/REGULAMIN_ZASAD_BUDOWY_WIND_FUNDUSZU_SRODKOW_FINANSOWYCH_NA_BUDOWE_WIND_ROZLICZENIA_INWESTYCJI_I_EKSPLOATACJI-WIND-stan-na-dzien-26.10.2021r..pdf\" class=\"wp-block-file__button wp-element-button\" download aria-describedby=\"wp-block-file--media-9d7253c7-a680-4d17-b534-74303427329f\">Pobierz<\/a><\/div>\n\n\n\n<div class=\"wp-block-file\"><a id=\"wp-block-file--media-1dd181d0-67bf-4ee3-aeed-ad39ea1d4922\" href=\"https:\/\/smstudent.pl\/wp-content\/uploads\/2022\/06\/REGULAMIN_ZASAD_ZABUDOWY_LOGII_I_UZUPELNIENIA_WKLADU_BUDOWLANEGO_Z_TYT._ZABUDOWY_LOGII-stan-na-dzien-11.12.2019r..pdf\">3. Regulamin zasad budowy logii i uzupe\u0142nienia wk\u0142adu budowlanego z tytu\u0142u zabudowy logii &#8211; stan na dzie\u0144 11.12.2019r.<\/a><a href=\"https:\/\/smstudent.pl\/wp-content\/uploads\/2022\/06\/REGULAMIN_ZASAD_ZABUDOWY_LOGII_I_UZUPELNIENIA_WKLADU_BUDOWLANEGO_Z_TYT._ZABUDOWY_LOGII-stan-na-dzien-11.12.2019r..pdf\" class=\"wp-block-file__button wp-element-button\" download aria-describedby=\"wp-block-file--media-1dd181d0-67bf-4ee3-aeed-ad39ea1d4922\">Pobierz<\/a><\/div>\n\n\n\n<div class=\"wp-block-file\"><a id=\"wp-block-file--media-77b0bbea-5e75-4624-9d82-d265bb23cf0d\" href=\"https:\/\/smstudent.pl\/wp-content\/uploads\/2022\/06\/REGULAMIN_OKRESLAJACY-_OBOWIAZKI_SPOLDZIELNI_I_UZYTKOWNIKOW_LOKALI_W_ZAKRESIE_UTRZYMANIA_ZASOBOW_W_SPOLDZIELNI_MIESZKANIOWEJ_STUDENT_od-stan-na-dzien-01.01.2016r..pdf\">4. Regulamin okre\u015blaj\u0105cy obowi\u0105zki sp\u00f3\u0142dzielni i u\u017cytkownik\u00f3w lokali w zakresie utrzymania zasob\u00f3w w Sp\u00f3\u0142dzielni Mieszkaniowej &#8222;STUDENT&#8221; &#8211; stan na dzie\u0144 01.01.2016r.<\/a><a href=\"https:\/\/smstudent.pl\/wp-content\/uploads\/2022\/06\/REGULAMIN_OKRESLAJACY-_OBOWIAZKI_SPOLDZIELNI_I_UZYTKOWNIKOW_LOKALI_W_ZAKRESIE_UTRZYMANIA_ZASOBOW_W_SPOLDZIELNI_MIESZKANIOWEJ_STUDENT_od-stan-na-dzien-01.01.2016r..pdf\" class=\"wp-block-file__button wp-element-button\" download aria-describedby=\"wp-block-file--media-77b0bbea-5e75-4624-9d82-d265bb23cf0d\">Pobierz<\/a><\/div>\n\n\n\n<div class=\"wp-block-file\"><a id=\"wp-block-file--media-b3115005-0b9d-4712-8c82-89e750039af8\" href=\"https:\/\/smstudent.pl\/wp-content\/uploads\/2022\/06\/REGULAMIN_PORZADKU_DOMOWEGO_ZASAD_WSPOLZYCIA_SPOLECZNEGO_MIESZKANCOW_I_UZYTKOWNIKOW_LOKALI_W_BUDYNKACH_SPOLDZIELNI_z-dnia-22.02.2011r..pdf\">5. Regulamin porz\u0105dki domowego, zasad wsp\u00f3\u0142\u017cycia spo\u0142ecznego mieszka\u0144c\u00f3w i u\u017cytkownik\u00f3w lokali w budynkach sp\u00f3\u0142dzielni &#8211; stan na dzie\u0144 22.02.2011r.<\/a><a href=\"https:\/\/smstudent.pl\/wp-content\/uploads\/2022\/06\/REGULAMIN_PORZADKU_DOMOWEGO_ZASAD_WSPOLZYCIA_SPOLECZNEGO_MIESZKANCOW_I_UZYTKOWNIKOW_LOKALI_W_BUDYNKACH_SPOLDZIELNI_z-dnia-22.02.2011r..pdf\" class=\"wp-block-file__button wp-element-button\" download aria-describedby=\"wp-block-file--media-b3115005-0b9d-4712-8c82-89e750039af8\">Pobierz<\/a><\/div>\n\n\n\n<div class=\"wp-block-file\"><a id=\"wp-block-file--media-10f99cf6-bdd3-41a1-8d99-c0e4c80beeb0\" href=\"https:\/\/smstudent.pl\/wp-content\/uploads\/2022\/06\/REGULAMI_ZASAD_INSTALOWANIA_SZYLDOW_I_REKLAM_W_ZASOBACH_SM_-STUDENT-z-dnia-29-03-2007r..pdf\">6. Regulamin zasad instalowania szyld\u00f3w i reklam w zasobach SM &#8222;STUDENT&#8221; z dnia 29-03-2007r.<\/a><a href=\"https:\/\/smstudent.pl\/wp-content\/uploads\/2022\/06\/REGULAMI_ZASAD_INSTALOWANIA_SZYLDOW_I_REKLAM_W_ZASOBACH_SM_-STUDENT-z-dnia-29-03-2007r..pdf\" class=\"wp-block-file__button wp-element-button\" download aria-describedby=\"wp-block-file--media-10f99cf6-bdd3-41a1-8d99-c0e4c80beeb0\">Pobierz<\/a><\/div>\n\n\n\n<div class=\"wp-block-file\"><a id=\"wp-block-file--media-467971d5-2915-4ae6-ab2c-e6ca104d5a55\" href=\"https:\/\/smstudent.pl\/wp-content\/uploads\/2022\/06\/Zasady-finansowania-i-rozliczania-oplat-z-tyt.-przeksztalcenia-wieczystego-uzytkowania-gruntow-w-prawo-w-lasnosci..pdf\">7. Zasady finansowania i rozliczania op\u0142at z tyt. przekszta\u0142cenia wieczystego u\u017cytkowania grunt\u00f3w w prawo w\u0142asno\u015bci.<\/a><a href=\"https:\/\/smstudent.pl\/wp-content\/uploads\/2022\/06\/Zasady-finansowania-i-rozliczania-oplat-z-tyt.-przeksztalcenia-wieczystego-uzytkowania-gruntow-w-prawo-w-lasnosci..pdf\" class=\"wp-block-file__button wp-element-button\" download aria-describedby=\"wp-block-file--media-467971d5-2915-4ae6-ab2c-e6ca104d5a55\">Pobierz<\/a><\/div>\n\n\n\n<div class=\"wp-block-file\"><a id=\"wp-block-file--media-cf662ddc-6e95-4281-b384-6627864ff500\" href=\"https:\/\/smstudent.pl\/wp-content\/uploads\/2022\/06\/Regulamin-Gospodarki-Finansowej-SM-STUDENT-w-Szczecinie.-1.pdf\">8. Regulamin Gospodarki Finansowej SM STUDENT w Szczecinie stan na dzie\u0144 22-01-2019r.<\/a><a href=\"https:\/\/smstudent.pl\/wp-content\/uploads\/2022\/06\/Regulamin-Gospodarki-Finansowej-SM-STUDENT-w-Szczecinie.-1.pdf\" class=\"wp-block-file__button wp-element-button\" download aria-describedby=\"wp-block-file--media-cf662ddc-6e95-4281-b384-6627864ff500\">Pobierz<\/a><\/div>\n\n\n\n<div class=\"wp-block-file\"><a id=\"wp-block-file--media-a3686ae5-8588-4e8c-9929-b1eaf880f79c\" href=\"https:\/\/smstudent.pl\/wp-content\/uploads\/2022\/10\/Regulamin-przyjmowania-w-poczet-czlonkow-spoldzielni-z-dnia-29.09.2022-1.pdf\">9  Regulamin przyjmowania w poczet cz\u0142onk\u00f3w sp\u00f3\u0142dzielni z dnia 29.09.2022.<\/a><a href=\"https:\/\/smstudent.pl\/wp-content\/uploads\/2022\/10\/Regulamin-przyjmowania-w-poczet-czlonkow-spoldzielni-z-dnia-29.09.2022-1.pdf\" class=\"wp-block-file__button wp-element-button\" download aria-describedby=\"wp-block-file--media-a3686ae5-8588-4e8c-9929-b1eaf880f79c\">Pobierz<\/a><\/div>\n\n\n\n<div class=\"wp-block-file\"><a id=\"wp-block-file--media-1c0690b8-f4fe-4349-83c2-1db71d6d076a\" href=\"https:\/\/smstudent.pl\/wp-content\/uploads\/2022\/10\/Regulamin-zasad-wyplaty-udzialow-z-dnia-29.09.2022.pdf\">10. Regulamin zasad wyp\u0142aty udzia\u0142\u00f3w z dnia 29.09.2022<\/a><a href=\"https:\/\/smstudent.pl\/wp-content\/uploads\/2022\/10\/Regulamin-zasad-wyplaty-udzialow-z-dnia-29.09.2022.pdf\" class=\"wp-block-file__button wp-element-button\" download aria-describedby=\"wp-block-file--media-1c0690b8-f4fe-4349-83c2-1db71d6d076a\">Pobierz<\/a><\/div>\n\n\n\n<div class=\"wp-block-file\"><a id=\"wp-block-file--media-ad403b8f-f4e8-49c2-af63-e1ccd46bad55\" href=\"https:\/\/smstudent.pl\/wp-content\/uploads\/2023\/02\/Regulamin-zasad-rozliczania-kosztow-gospodarki-zasobami-spoldzielczymi-i-zasobami-zarzadzanymi-przez-spoldzielnie-o.pdf\">11. Regulamin zasad rozliczania koszt\u00f3w gospodarki zasobami sp\u00f3\u0142dzielczymi i zasobami zarz\u0105dzanymi przez sp\u00f3\u0142dzielni\u0119 o<\/a><a href=\"https:\/\/smstudent.pl\/wp-content\/uploads\/2023\/02\/Regulamin-zasad-rozliczania-kosztow-gospodarki-zasobami-spoldzielczymi-i-zasobami-zarzadzanymi-przez-spoldzielnie-o.pdf\" class=\"wp-block-file__button wp-element-button\" download aria-describedby=\"wp-block-file--media-ad403b8f-f4e8-49c2-af63-e1ccd46bad55\">Pobierz<\/a><\/div>\n\n\n\n<div class=\"wp-block-file\"><a id=\"wp-block-file--media-7df0ab09-478f-4a36-bbbc-7413d7bc2a76\" href=\"https:\/\/smstudent.pl\/wp-content\/uploads\/2024\/10\/REGULAMIN-ROZLICZANIA-KOSZTOW-.pdf\">12. Regulamin rozliczania koszt\u00f3w gospodarki cieplnej i wody oraz ustalenia op\u0142aty rocznej za gospodarowanie odpadami komunalnymi &#8211; stan na dzie\u0144 01.10.2024<\/a><a href=\"https:\/\/smstudent.pl\/wp-content\/uploads\/2024\/10\/REGULAMIN-ROZLICZANIA-KOSZTOW-.pdf\" class=\"wp-block-file__button wp-element-button\" download aria-describedby=\"wp-block-file--media-7df0ab09-478f-4a36-bbbc-7413d7bc2a76\">Pobierz<\/a><\/div>\n\n\n\n<div class=\"wp-block-file\"><a id=\"wp-block-file--media-cb5de8a9-7a83-473e-a984-705bd9fea173\" href=\"https:\/\/smstudent.pl\/wp-content\/uploads\/2025\/02\/REGULAMIN-ZASAD-TWORZENIA-I-GOSPODAROWANIA-FUNDUSZEM-REMONTOWYM.pdf\">13. Regulamin zasad tworzenia i gospodarowania funduszem remontowym Sp\u00f3\u0142dzielni Mieszkaniowej &#8222;STUDENT&#8221; z dnia 18.10.2017<\/a><a href=\"https:\/\/smstudent.pl\/wp-content\/uploads\/2025\/02\/REGULAMIN-ZASAD-TWORZENIA-I-GOSPODAROWANIA-FUNDUSZEM-REMONTOWYM.pdf\" class=\"wp-block-file__button wp-element-button\" download aria-describedby=\"wp-block-file--media-cb5de8a9-7a83-473e-a984-705bd9fea173\">Pobierz<\/a><\/div>\n\n\n\n<div class=\"wp-block-file\"><a id=\"wp-block-file--media-84c69649-c34a-4b22-8320-f49322cbd491\" href=\"https:\/\/smstudent.pl\/wp-content\/uploads\/2025\/02\/REGULAMIN-ZASAD-ROZLICZANIA-KOSZTOW-ZASOBAMI-.pdf\">14. Regulamin zasad rozliczania koszt\u00f3w gospodarki zasobami sp\u00f3\u0142dzielczymi i zasobami zarz\u0105dzanymi przez sp\u00f3\u0142dzielni\u0119 oraz ustalania i wnoszenia op\u0142at za u\u017cytkowania lokali w SM &#8222;STUDENT&#8221; z dnia 14.01.2025r.<\/a><a href=\"https:\/\/smstudent.pl\/wp-content\/uploads\/2025\/02\/REGULAMIN-ZASAD-ROZLICZANIA-KOSZTOW-ZASOBAMI-.pdf\" class=\"wp-block-file__button wp-element-button\" download aria-describedby=\"wp-block-file--media-84c69649-c34a-4b22-8320-f49322cbd491\">Pobierz<\/a><\/div>\n\n\n\n<div class=\"wp-block-file\"><a id=\"wp-block-file--media-eb7d003a-b15c-43a9-991a-5e4feaa784c6\" href=\"https:\/\/smstudent.pl\/wp-content\/uploads\/2025\/11\/REGULAMIN.pdf\">15 , Odpis z regulaminu Wjazdu i korzystania z terenu ograniczonego szlabanami przy ulicy Belgijskiej od 3 do 17A stan z z dnia 29.09.2025r.<\/a><a href=\"https:\/\/smstudent.pl\/wp-content\/uploads\/2025\/11\/REGULAMIN.pdf\" class=\"wp-block-file__button wp-element-button\" download aria-describedby=\"wp-block-file--media-eb7d003a-b15c-43a9-991a-5e4feaa784c6\">Pobierz<\/a><\/div>\n\n\n\n<p><\/p>\n","protected":false},"excerpt":{"rendered":"","protected":false},"author":3,"featured_media":0,"parent":50,"menu_order":0,"comment_status":"closed","ping_status":"closed","template":"","meta":{"site-sidebar-layout":"default","site-content-layout":"default","ast-site-content-layout":"default","site-content-style":"default","site-sidebar-style":"default","ast-global-header-display":"","ast-banner-title-visibility":"","ast-main-header-display":"","ast-hfb-above-header-display":"","ast-hfb-below-header-display":"","ast-hfb-mobile-header-display":"","site-post-title":"","ast-breadcrumbs-content":"","ast-featured-img":"","footer-sml-layout":"","theme-transparent-header-meta":"","adv-header-id-meta":"","stick-header-meta":"","header-above-stick-meta":"","header-main-stick-meta":"","header-below-stick-meta":"","astra-migrate-meta-layouts":"set","ast-page-background-enabled":"default","ast-page-background-meta":{"desktop":{"background-color":"var(--ast-global-color-4)","background-image":"","background-repeat":"repeat","background-position":"center center","background-size":"auto","background-attachment":"scroll","background-type":"","background-media":"","overlay-type":"","overlay-color":"","overlay-opacity":"","overlay-gradient":""},"tablet":{"background-color":"","background-image":"","background-repeat":"repeat","background-position":"center center","background-size":"auto","background-attachment":"scroll","background-type":"","background-media":"","overlay-type":"","overlay-color":"","overlay-opacity":"","overlay-gradient":""},"mobile":{"background-color":"","background-image":"","background-repeat":"repeat","background-position":"center center","background-size":"auto","background-attachment":"scroll","background-type":"","background-media":"","overlay-type":"","overlay-color":"","overlay-opacity":"","overlay-gradient":""}},"ast-content-background-meta":{"desktop":{"background-color":"var(--ast-global-color-5)","background-image":"","background-repeat":"repeat","background-position":"center center","background-size":"auto","background-attachment":"scroll","background-type":"","background-media":"","overlay-type":"","overlay-color":"","overlay-opacity":"","overlay-gradient":""},"tablet":{"background-color":"var(--ast-global-color-5)","background-image":"","background-repeat":"repeat","background-position":"center center","background-size":"auto","background-attachment":"scroll","background-type":"","background-media":"","overlay-type":"","overlay-color":"","overlay-opacity":"","overlay-gradient":""},"mobile":{"background-color":"var(--ast-global-color-5)","background-image":"","background-repeat":"repeat","background-position":"center center","background-size":"auto","background-attachment":"scroll","background-type":"","background-media":"","overlay-type":"","overlay-color":"","overlay-opacity":"","overlay-gradient":""}},"footnotes":""},"class_list":["post-53","page","type-page","status-publish","hentry"],"publishpress_future_action":{"enabled":false,"date":"2026-05-10 16:19:09","action":"change-status","newStatus":"draft","terms":[],"taxonomy":"","extraData":[]},"publishpress_future_workflow_manual_trigger":{"enabledWorkflows":[]},"_links":{"self":[{"href":"https:\/\/smstudent.pl\/index.php\/wp-json\/wp\/v2\/pages\/53","targetHints":{"allow":["GET"]}}],"collection":[{"href":"https:\/\/smstudent.pl\/index.php\/wp-json\/wp\/v2\/pages"}],"about":[{"href":"https:\/\/smstudent.pl\/index.php\/wp-json\/wp\/v2\/types\/page"}],"author":[{"embeddable":true,"href":"https:\/\/smstudent.pl\/index.php\/wp-json\/wp\/v2\/users\/3"}],"replies":[{"embeddable":true,"href":"https:\/\/smstudent.pl\/index.php\/wp-json\/wp\/v2\/comments?post=53"}],"version-history":[{"count":32,"href":"https:\/\/smstudent.pl\/index.php\/wp-json\/wp\/v2\/pages\/53\/revisions"}],"predecessor-version":[{"id":1268,"href":"https:\/\/smstudent.pl\/index.php\/wp-json\/wp\/v2\/pages\/53\/revisions\/1268"}],"up":[{"embeddable":true,"href":"https:\/\/smstudent.pl\/index.php\/wp-json\/wp\/v2\/pages\/50"}],"wp:attachment":[{"href":"https:\/\/smstudent.pl\/index.php\/wp-json\/wp\/v2\/media?parent=53"}],"curies":[{"name":"wp","href":"https:\/\/api.w.org\/{rel}","templated":true}]}}