{"id":35,"date":"2021-06-08T06:36:10","date_gmt":"2021-06-08T06:36:10","guid":{"rendered":"http:\/\/smstudent.pl\/?page_id=35"},"modified":"2026-04-29T09:41:16","modified_gmt":"2026-04-29T08:41:16","slug":"kontakt","status":"publish","type":"page","link":"https:\/\/smstudent.pl\/index.php\/kontakt\/","title":{"rendered":"Kontakt"},"content":{"rendered":"\n<div class=\"inherit-container-width wp-block-group is-layout-constrained wp-block-group-is-layout-constrained\"><div class=\"wp-block-group__inner-container\">\n<div class=\"inherit-container-width wp-block-group is-layout-constrained wp-block-group-is-layout-constrained\"><div class=\"wp-block-group__inner-container\">\n<div class=\"wp-block-columns is-layout-flex wp-container-core-columns-is-layout-28f84493 wp-block-columns-is-layout-flex\">\n<div class=\"wp-block-column is-vertically-aligned-top is-layout-flow wp-block-column-is-layout-flow\" style=\"flex-basis:50%\">\n<p>Sp\u00f3\u0142dzielnia Mieszkaniowa \u201eSTUDENT\u201d<\/p>\n\n\n\n<p>ul. Boguchwa\u0142y 3, 71-531 Szczecin<\/p>\n\n\n\n<p>Tel. +48 91-455-33-72 (sekretariat)<\/p>\n\n\n\n<p>Tel: +48 91-455-33-84 (administracja)<\/p>\n\n\n\n<p>NIP: 851-030-96-40<\/p>\n\n\n\n<p>REGON: 001074874<\/p>\n\n\n\n<p>KRS: 0000137800<\/p>\n\n\n\n<p><\/p>\n\n\n\n<p>ERSTE Bank Polska S.A. 1 w Szczecinie<\/p>\n\n\n\n<p>87 1500 1722 1217 2005 1320 0000<\/p>\n\n\n\n<p>adres do dor\u0119cze\u0144 elektronicznych :<\/p>\n\n\n\n<p>AE: PL-78275-39932-STIVF-19<\/p>\n<\/div>\n\n\n\n<div class=\"wp-block-column is-layout-flow wp-block-column-is-layout-flow\" style=\"flex-basis:70%\">\t\t<div\n            id=\"wpmapblock_90515d31\"\n            data-settings='{&quot;map_marker&quot;:[{&quot;lat&quot;:&quot;53.44705884379248&quot;,&quot;lng&quot;:&quot;14.554090617471687&quot;,&quot;title&quot;:&quot;SM Student - Biuro&quot;,&quot;content&quot;:&quot;&quot;,&quot;iconType&quot;:&quot;default&quot;,&quot;customIconUrl&quot;:&quot;&quot;,&quot;customIconWidth&quot;:&quot;25&quot;,&quot;customIconHeight&quot;:&quot;40&quot;}],&quot;map_zoom&quot;:&quot;18&quot;,&quot;scroll_wheel_zoom&quot;:&quot;1&quot;,&quot;map_type&quot;:&quot;GM&quot;,&quot;center_index&quot;:0}'\n            class=\"wpmapblockrender\"\n            style=\"\n\t\t\twidth: 100%;\n\t\t\theight: 400px;\n\t\t\"\n            >\n        <\/div>\n        \n\n\n<p><\/p>\n<\/div>\n<\/div>\n<\/div><\/div>\n<\/div><\/div>\n\n\n\n<h2 class=\"wp-block-heading\">E-mail:<\/h2>\n\n\n\n<p>Og\u00f3lny: biuro@smstudent.pl<\/p>\n\n\n\n<p>Dzia\u0142 Administracyjny: adm@smstudent.pl<\/p>\n\n\n\n<p>Dzia\u0142 Ksi\u0119gowo\u015bci: ksiegowosc@smstudent.pl<\/p>\n\n\n\n<p><strong>W razie awarii informacj\u0119 nale\u017cy nagra\u0107 na automatycznej sekretarce pod numerem tel.:<\/strong><\/p>\n\n\n\n<p>&nbsp;&nbsp;&nbsp;&nbsp;&nbsp;&nbsp;&nbsp;&nbsp;&nbsp;&nbsp;&nbsp; <strong>91-455-33-84,<\/strong><\/p>\n\n\n\n<p><strong>po przes\u0142uchaniu pracownik administracji zareaguje.<\/strong><\/p>\n","protected":false},"excerpt":{"rendered":"<p>Sp\u00f3\u0142dzielnia Mieszkaniowa \u201eSTUDENT\u201d ul. Boguchwa\u0142y 3, 71-531 Szczecin Tel. +48 91-455-33-72 (sekretariat) Tel: +48 91-455-33-84 (administracja) NIP: 851-030-96-40 REGON: 001074874 KRS: 0000137800 ERSTE Bank Polska S.A. 1 w Szczecinie 87 1500 1722 1217 2005 1320 0000 adres do dor\u0119cze\u0144 elektronicznych : AE: PL-78275-39932-STIVF-19 E-mail: Og\u00f3lny: biuro@smstudent.pl Dzia\u0142 Administracyjny: adm@smstudent.pl Dzia\u0142 Ksi\u0119gowo\u015bci: ksiegowosc@smstudent.pl W razie awarii [&hellip;]<\/p>\n","protected":false},"author":3,"featured_media":0,"parent":0,"menu_order":0,"comment_status":"closed","ping_status":"closed","template":"","meta":{"site-sidebar-layout":"default","site-content-layout":"","ast-site-content-layout":"default","site-content-style":"default","site-sidebar-style":"default","ast-global-header-display":"","ast-banner-title-visibility":"","ast-main-header-display":"","ast-hfb-above-header-display":"","ast-hfb-below-header-display":"","ast-hfb-mobile-header-display":"","site-post-title":"","ast-breadcrumbs-content":"","ast-featured-img":"","footer-sml-layout":"","theme-transparent-header-meta":"","adv-header-id-meta":"","stick-header-meta":"","header-above-stick-meta":"","header-main-stick-meta":"","header-below-stick-meta":"","astra-migrate-meta-layouts":"set","ast-page-background-enabled":"default","ast-page-background-meta":{"desktop":{"background-color":"var(--ast-global-color-4)","background-image":"","background-repeat":"repeat","background-position":"center center","background-size":"auto","background-attachment":"scroll","background-type":"","background-media":"","overlay-type":"","overlay-color":"","overlay-opacity":"","overlay-gradient":""},"tablet":{"background-color":"","background-image":"","background-repeat":"repeat","background-position":"center center","background-size":"auto","background-attachment":"scroll","background-type":"","background-media":"","overlay-type":"","overlay-color":"","overlay-opacity":"","overlay-gradient":""},"mobile":{"background-color":"","background-image":"","background-repeat":"repeat","background-position":"center center","background-size":"auto","background-attachment":"scroll","background-type":"","background-media":"","overlay-type":"","overlay-color":"","overlay-opacity":"","overlay-gradient":""}},"ast-content-background-meta":{"desktop":{"background-color":"var(--ast-global-color-5)","background-image":"","background-repeat":"repeat","background-position":"center center","background-size":"auto","background-attachment":"scroll","background-type":"","background-media":"","overlay-type":"","overlay-color":"","overlay-opacity":"","overlay-gradient":""},"tablet":{"background-color":"var(--ast-global-color-5)","background-image":"","background-repeat":"repeat","background-position":"center center","background-size":"auto","background-attachment":"scroll","background-type":"","background-media":"","overlay-type":"","overlay-color":"","overlay-opacity":"","overlay-gradient":""},"mobile":{"background-color":"var(--ast-global-color-5)","background-image":"","background-repeat":"repeat","background-position":"center center","background-size":"auto","background-attachment":"scroll","background-type":"","background-media":"","overlay-type":"","overlay-color":"","overlay-opacity":"","overlay-gradient":""}},"footnotes":""},"class_list":["post-35","page","type-page","status-publish","hentry"],"publishpress_future_action":{"enabled":false,"date":"2026-05-10 16:21:57","action":"change-status","newStatus":"draft","terms":[],"taxonomy":"","extraData":[]},"publishpress_future_workflow_manual_trigger":{"enabledWorkflows":[]},"_links":{"self":[{"href":"https:\/\/smstudent.pl\/index.php\/wp-json\/wp\/v2\/pages\/35","targetHints":{"allow":["GET"]}}],"collection":[{"href":"https:\/\/smstudent.pl\/index.php\/wp-json\/wp\/v2\/pages"}],"about":[{"href":"https:\/\/smstudent.pl\/index.php\/wp-json\/wp\/v2\/types\/page"}],"author":[{"embeddable":true,"href":"https:\/\/smstudent.pl\/index.php\/wp-json\/wp\/v2\/users\/3"}],"replies":[{"embeddable":true,"href":"https:\/\/smstudent.pl\/index.php\/wp-json\/wp\/v2\/comments?post=35"}],"version-history":[{"count":17,"href":"https:\/\/smstudent.pl\/index.php\/wp-json\/wp\/v2\/pages\/35\/revisions"}],"predecessor-version":[{"id":1348,"href":"https:\/\/smstudent.pl\/index.php\/wp-json\/wp\/v2\/pages\/35\/revisions\/1348"}],"wp:attachment":[{"href":"https:\/\/smstudent.pl\/index.php\/wp-json\/wp\/v2\/media?parent=35"}],"curies":[{"name":"wp","href":"https:\/\/api.w.org\/{rel}","templated":true}]}}