{"id":32,"date":"2022-06-02T06:34:00","date_gmt":"2022-06-02T05:34:00","guid":{"rendered":"http:\/\/smstudent.pl\/?page_id=32"},"modified":"2022-10-21T14:56:39","modified_gmt":"2022-10-21T13:56:39","slug":"aktualnosci","status":"publish","type":"page","link":"https:\/\/smstudent.pl\/index.php\/aktualnosci\/","title":{"rendered":"Aktualno\u015bci"},"content":{"rendered":"<ul class=\"wp-block-latest-posts__list has-dates wp-block-latest-posts\"><li><a class=\"wp-block-latest-posts__post-title\" href=\"https:\/\/smstudent.pl\/index.php\/2026\/04\/21\/informujemy-o-pracach-porzadkowych-w-garazowcach-podziemnych-jak-nizej\/\">Informujemy o pracach porz\u0105dkowych w gara\u017cowcach podziemnych &#8211; jak ni\u017cej :<\/a><time datetime=\"2026-04-21T12:26:00+01:00\" class=\"wp-block-latest-posts__post-date\">2026-04-21<\/time><div class=\"wp-block-latest-posts__post-excerpt\"><\/div><\/li>\n<li><a class=\"wp-block-latest-posts__post-title\" href=\"https:\/\/smstudent.pl\/index.php\/2026\/04\/03\/informacja\/\">INFORMACJA !<\/a><time datetime=\"2026-04-03T11:06:09+01:00\" class=\"wp-block-latest-posts__post-date\">2026-04-03<\/time><div class=\"wp-block-latest-posts__post-excerpt\"><\/div><\/li>\n<li><a class=\"wp-block-latest-posts__post-title\" href=\"https:\/\/smstudent.pl\/index.php\/2026\/03\/13\/informacja-bezpieczna-wentylacja\/\">Informacja &#8211; bezpieczna wentylacja<\/a><time datetime=\"2026-03-13T12:20:28+01:00\" class=\"wp-block-latest-posts__post-date\">2026-03-13<\/time><div class=\"wp-block-latest-posts__post-excerpt\"><\/div><\/li>\n<li><a class=\"wp-block-latest-posts__post-title\" href=\"https:\/\/smstudent.pl\/index.php\/2026\/02\/18\/informujemy-mieszkancow-o-corocznej-kontroli-instalacji-gazowej-na-nieruchomosciach-staromlynska-20-20a-20b-20c\/\">Informujemy mieszka\u0144c\u00f3w o okresowej kontroli instalacji elektrycznej na nieruchomo\u015bciach &#8211; STAROM\u0141Y\u0143SKA 20, 20A, 20B, 20C:<\/a><time datetime=\"2026-02-18T09:05:55+01:00\" class=\"wp-block-latest-posts__post-date\">2026-02-18<\/time><div class=\"wp-block-latest-posts__post-excerpt\">&#8211; dnia 18.02.2026r. w godz. 18:00 &#8211; 20:00 ul. Starom\u0142y\u0144ska 20, &#8211; dnia 19.02.2026r. w godz. 18:00 &#8211; 20:00 ul. Starom\u0142y\u0144ska 20B, 20C , &#8211; dnia 20.02.2026r. w godz. 18:00 &#8211; 20:00 ul. Starom\u0142y\u0144ska 20A , dodatkowe informacje na tablicy og\u0142osze\u0144<\/div><\/li>\n<li><a class=\"wp-block-latest-posts__post-title\" href=\"https:\/\/smstudent.pl\/index.php\/2026\/01\/27\/informujemy-mieszkancow-o-corocznej-kontroli-instalacji-gazowej-na-nieruchomosciach-belgijska\/\">Informujemy mieszka\u0144c\u00f3w o corocznej kontroli instalacji gazowej na nieruchomo\u015bciach &#8211; Belgijska:<\/a><time datetime=\"2026-01-27T09:30:01+01:00\" class=\"wp-block-latest-posts__post-date\">2026-01-27<\/time><div class=\"wp-block-latest-posts__post-excerpt\">&#8211; dnia 29.01.2026r. w godz. 17:30 &#8211; 20:30 ul. Belgijska 15-15A , ul. Belgijska 17-17A &#8211; dnia 30.01.2026r. w godz. 17:30 &#8211; 20:30 ul. Belgijska 8-8A, ul. Belgijska 10-10A &#8211; dnia 02.02.2026r. w godz. 17:30 &#8211; 20:30 ul. Belgijska 3-3A, ul. Belgijska 11-11A &#8211; dnia 05.02.2026r. w godz. 17:30 &#8211; 20:30 ul. Belgijska 9-9AA ,\u2026 <a class=\"wp-block-latest-posts__read-more\" href=\"https:\/\/smstudent.pl\/index.php\/2026\/01\/27\/informujemy-mieszkancow-o-corocznej-kontroli-instalacji-gazowej-na-nieruchomosciach-belgijska\/\" rel=\"noopener noreferrer\">Dowiedz si\u0119 wi\u0119cej<span class=\"screen-reader-text\">: Informujemy mieszka\u0144c\u00f3w o corocznej kontroli instalacji gazowej na nieruchomo\u015bciach &#8211; Belgijska:<\/span><\/a><\/div><\/li>\n<\/ul>\n\n\n<p> <\/p>\n","protected":false},"excerpt":{"rendered":"","protected":false},"author":3,"featured_media":0,"parent":0,"menu_order":0,"comment_status":"closed","ping_status":"closed","template":"","meta":{"site-sidebar-layout":"default","site-content-layout":"","ast-site-content-layout":"","site-content-style":"default","site-sidebar-style":"default","ast-global-header-display":"","ast-banner-title-visibility":"","ast-main-header-display":"","ast-hfb-above-header-display":"","ast-hfb-below-header-display":"","ast-hfb-mobile-header-display":"","site-post-title":"","ast-breadcrumbs-content":"","ast-featured-img":"","footer-sml-layout":"","theme-transparent-header-meta":"","adv-header-id-meta":"","stick-header-meta":"","header-above-stick-meta":"","header-main-stick-meta":"","header-below-stick-meta":"","astra-migrate-meta-layouts":"default","ast-page-background-enabled":"default","ast-page-background-meta":{"desktop":{"background-color":"var(--ast-global-color-4)","background-image":"","background-repeat":"repeat","background-position":"center center","background-size":"auto","background-attachment":"scroll","background-type":"","background-media":"","overlay-type":"","overlay-color":"","overlay-opacity":"","overlay-gradient":""},"tablet":{"background-color":"","background-image":"","background-repeat":"repeat","background-position":"center center","background-size":"auto","background-attachment":"scroll","background-type":"","background-media":"","overlay-type":"","overlay-color":"","overlay-opacity":"","overlay-gradient":""},"mobile":{"background-color":"","background-image":"","background-repeat":"repeat","background-position":"center center","background-size":"auto","background-attachment":"scroll","background-type":"","background-media":"","overlay-type":"","overlay-color":"","overlay-opacity":"","overlay-gradient":""}},"ast-content-background-meta":{"desktop":{"background-color":"var(--ast-global-color-5)","background-image":"","background-repeat":"repeat","background-position":"center center","background-size":"auto","background-attachment":"scroll","background-type":"","background-media":"","overlay-type":"","overlay-color":"","overlay-opacity":"","overlay-gradient":""},"tablet":{"background-color":"var(--ast-global-color-5)","background-image":"","background-repeat":"repeat","background-position":"center center","background-size":"auto","background-attachment":"scroll","background-type":"","background-media":"","overlay-type":"","overlay-color":"","overlay-opacity":"","overlay-gradient":""},"mobile":{"background-color":"var(--ast-global-color-5)","background-image":"","background-repeat":"repeat","background-position":"center center","background-size":"auto","background-attachment":"scroll","background-type":"","background-media":"","overlay-type":"","overlay-color":"","overlay-opacity":"","overlay-gradient":""}},"footnotes":""},"class_list":["post-32","page","type-page","status-publish","hentry"],"publishpress_future_action":{"enabled":false,"date":"2026-05-10 16:49:15","action":"change-status","newStatus":"draft","terms":[],"taxonomy":"","extraData":[]},"publishpress_future_workflow_manual_trigger":{"enabledWorkflows":[]},"_links":{"self":[{"href":"https:\/\/smstudent.pl\/index.php\/wp-json\/wp\/v2\/pages\/32","targetHints":{"allow":["GET"]}}],"collection":[{"href":"https:\/\/smstudent.pl\/index.php\/wp-json\/wp\/v2\/pages"}],"about":[{"href":"https:\/\/smstudent.pl\/index.php\/wp-json\/wp\/v2\/types\/page"}],"author":[{"embeddable":true,"href":"https:\/\/smstudent.pl\/index.php\/wp-json\/wp\/v2\/users\/3"}],"replies":[{"embeddable":true,"href":"https:\/\/smstudent.pl\/index.php\/wp-json\/wp\/v2\/comments?post=32"}],"version-history":[{"count":15,"href":"https:\/\/smstudent.pl\/index.php\/wp-json\/wp\/v2\/pages\/32\/revisions"}],"predecessor-version":[{"id":977,"href":"https:\/\/smstudent.pl\/index.php\/wp-json\/wp\/v2\/pages\/32\/revisions\/977"}],"wp:attachment":[{"href":"https:\/\/smstudent.pl\/index.php\/wp-json\/wp\/v2\/media?parent=32"}],"curies":[{"name":"wp","href":"https:\/\/api.w.org\/{rel}","templated":true}]}}