{"id":178,"date":"2022-06-09T19:41:06","date_gmt":"2022-06-09T18:41:06","guid":{"rendered":"http:\/\/smstudent.pl\/?page_id=178"},"modified":"2022-06-09T19:57:00","modified_gmt":"2022-06-09T18:57:00","slug":"rodo-polityka-prywatnosci","status":"publish","type":"page","link":"https:\/\/smstudent.pl\/index.php\/rodo-polityka-prywatnosci\/","title":{"rendered":"RODO &#8211; Polityka prywatno\u015bci"},"content":{"rendered":"\n<p><br><strong>Szanowny Pan, Szanowna Pani<\/strong><br>Dotyczy: przetwarzania danych osobowych przez Sp\u00f3\u0142dzielni\u0119 Mieszkaniow\u0105 \u201eStudent\u201d w Szczecinie<\/p>\n\n\n\n<p><br>Szanowni Pa\u0144stwo,<\/p>\n\n\n\n<p>         Sp\u00f3\u0142dzielnia Mieszkaniowa \u201eStudent\u201d z siedzib\u0105 przy ul. Boguchwa\u0142y 3, 71-531 Szczecin (dalej jako: Sp\u00f3\u0142dzielnia) w trosce o posiadane Pa\u0144stwa dane osobowe uprzejmie informuje o prawach przys\u0142uguj\u0105cych Pani\/Panu na podstawie rozporz\u0105dzenia Parlamentu Europejskiego i Rady (UE) 2016\/679 z dnia 27 kwietnia 2016 r. w sprawie ochrony os\u00f3b fizycznych w zwi\u0105zku z przetwarzaniem danych osobowych i w sprawie swobodnego przep\u0142ywu takich danych oraz uchylenia dyrektywy 95\/46\/WE (dalej jako Og\u00f3lne rozporz\u0105dzenie o ochronie danych), a w szczeg\u00f3lno\u015bci o tym, \u017ce:<br>         a) Posiadanie Pani\/Pana danych osobowych przez Sp\u00f3\u0142dzielni\u0119 jest konieczne do realizacji zada\u0144 Sp\u00f3\u0142dzielni w zakresie zarz\u0105du lokalami wchodz\u0105cymi w sk\u0142ad zasob\u00f3w Sp\u00f3\u0142dzielni oraz lokalami znajduj\u0105cymi si\u0119 w budynkach zarz\u0105dzanych przez Sp\u00f3\u0142dzielni\u0119 wynikaj\u0105cymi z ustawy z dnia 15 grudnia 2000 r. o sp\u00f3\u0142dzielniach mieszkaniowych oraz ustawy z dnia 16 wrze\u015bnia 1982 r. Prawo sp\u00f3\u0142dzielcze, a w szczeg\u00f3lno\u015bci w celu dokonywania dok\u0142adnych rozlicze\u0144 w zakresie zu\u017cycia poszczeg\u00f3lnych medi\u00f3w w lokalach mieszkalnych,<br>         b) administratorem Pani\/Pana danych jest Sp\u00f3\u0142dzielnia Mieszkaniowa \u201eStudent\u201d w Szczecinie z siedzib\u0105 przy ulicy Boguchwa\u0142y 3, 71-531 Szczecin \u2013 mo\u017ce Pani\/Pan si\u0119 do niej zwraca\u0107 w razie jakichkolwiek w\u0105tpliwo\u015bci, pyta\u0144 i oczekiwa\u0144 zwi\u0105zanych z przetwarzaniem Pani\/Pana danych osobowych,<br>         c) Pani\/Pana dane osobowe mog\u0105 by\u0107 przetwarzane w celu realizacji prawnie uzasadnionych interes\u00f3w przez Sp\u00f3\u0142dzielni\u0119 w postaci administrowania zasobami Sp\u00f3\u0142dzielni i pobierania op\u0142at eksploatacyjnych tj. na podstawie art. 6 ust. 1 pkt f Og\u00f3lnego rozporz\u0105dzenia o ochronie danych,<br>         d) Pani\/Pana dane osobowe b\u0119d\u0105 przechowywane do momentu up\u0142ywu 5 lat od zako\u0144czenia posiadania przez Pani\u0105\/Pana prawa do lokalu znajduj\u0105cego si\u0119 w zasobach Sp\u00f3\u0142dzielni (okres archiwizacji) oraz \u2013 w razie posiadania jakichkolwiek zaleg\u0142o\u015bci wzgl\u0119dem Sp\u00f3\u0142dzielni po up\u0142ywie tego czasu \u2013 tak\u017ce na czas dochodzenia wy\u017cej wymienionych zaleg\u0142o\u015bci, jednak tylko w zakresie koniecznym do ich egzekucji,<br>         e) odbiorcami Pani\/Pana danych b\u0119d\u0105 sp\u00f3\u0142ki Techem Techniki Pomiarowe Sp\u00f3\u0142ka z ograniczon\u0105 odpowiedzialno\u015bci\u0105 z siedzib\u0105 w Poznaniu oraz Przedsi\u0119biorstwo Budowlano-Instalacyjne \u201ePomiar\u201d Sp\u00f3\u0142k\u0105 z ograniczon\u0105 odpowiedzialno\u015bci\u0105 z siedzib\u0105 w Szczecinie realizuj\u0105ce na zlecenie Sp\u00f3\u0142dzielni zadania w zakresie odczytu pomiar\u00f3w medi\u00f3w rozliczanych przez Sp\u00f3\u0142dzielni\u0119; przekazanie Pani\/Pana danych osobowych nast\u0119powa\u0107 b\u0119dzie ka\u017cdorazowo tylko po zawarciu umowy o powierzeniu przetwarzania danych osobowych z danym podmiotem,<br>         f) posiada Pani\/Pan prawo dost\u0119pu do tre\u015bci swoich danych oraz prawo do ich sprostowania, usuni\u0119cia, ograniczenia przetwarzania, prawo do przenoszenia danych oraz prawo wniesienia sprzeciwu wobec ich przetwarzania,<br>         g) ma Pani\/Pan prawo wniesienia skargi do organu nadzorczego w postaci Prezesa Urz\u0119du Ochrony Danych Osobowych, je\u017celi Pani\/Pana zdaniem przetwarzanie danych osobowych narusza przepisy Og\u00f3lnego rozporz\u0105dzenia o ochronie danych lub innych przepis\u00f3w prawa powszechnie obowi\u0105zuj\u0105cego.<\/p>\n\n\n\n<p><br>         Jednocze\u015bnie Sp\u00f3\u0142dzielnia informuje, \u017ce zakres przetwarzanych danych zosta\u0142 ograniczony tylko do tych danych, jakie s\u0105 konieczne do realizowania zada\u0144 Sp\u00f3\u0142dzielni, w zwi\u0105zku z czym Sp\u00f3\u0142dzielnia mo\u017ce przetwarza\u0107 Pani\/Pana dane osobowe w postaci imienia, nazwiska, adresu do korespondencji, adresu lokalu, do kt\u00f3rego posiada Pani\/Pan wzgl\u0119dem Sp\u00f3\u0142dzielni prawo, Pani\/Pana numeru PESEL, numeru telefonu, adresu poczty elektronicznej, Pani\/Pana rozlicze\u0144 ze Sp\u00f3\u0142dzielni\u0105 z tytu\u0142u op\u0142at eksploatacyjnych (w tym: op\u0142at za media rozliczane przez Sp\u00f3\u0142dzielni\u0119) oraz danych zawartych w dokumentach, kt\u00f3re sta\u0142y si\u0119 podstaw\u0105 do nabycia przez Pani\u0105\/Pana prawa do lokalu w zasobach Sp\u00f3\u0142dzielni.<br>         W przypadku kierowania jakichkolwiek pism do Sp\u00f3\u0142dzielni zawieraj\u0105cych szczeg\u00f3lne kategorie danych osobowych w rozumieniu art. 9 ust. 1 Og\u00f3lnego rozporz\u0105dzenia o ochronie danych (przyk\u0142adowo s\u0105 to dane o stanie zdrowia, dane ujawniaj\u0105ce pochodzenie rasowe lub etniczne, pogl\u0105dy polityczne, przekonania religijne lub \u015bwiatopogl\u0105dowe, przynale\u017cno\u015b\u0107 do zwi\u0105zk\u00f3w zawodowych itp.), prosz\u0119 o zawarcie w ich tre\u015bci zgody na przetwarzanie tych danych \u2013 u\u0142atwi to proces rozpatrywania danego pisma, poniewa\u017c w razie braku wyra\u017cenia zgody na przetwarzanie udost\u0119pnionych danych, Sp\u00f3\u0142dzielnia nie b\u0119dzie mog\u0142a ich przetwarza\u0107.<br>         W celu szczeg\u00f3\u0142owego zapoznania si\u0119 z posiadanymi przez Sp\u00f3\u0142dzielni\u0119 Pani\/Pana danymi, ma Pani\/Pan prawo do kontaktu w tej sprawie pod adresem: Sp\u00f3\u0142dzielnia Mieszkaniowa \u201eStudent\u201d w Szczecinie, ul. Boguchwa\u0142y 3, 71-531 Szczecin, telefon: (91) 455 33 72, fax (91) 422 09 45, adres e-mail: biuro@smstudent.pl<br>         Pismo niniejsze kierowane jest do wszystkich cz\u0142onk\u00f3w Sp\u00f3\u0142dzielni oraz domownik\u00f3w, kt\u00f3rzy korzystaj\u0105 z lokali znajduj\u0105cych si\u0119 w zasobach Sp\u00f3\u0142dzielni razem z Pani\u0105\/Panem w zakresie, w jakim dotyczy to imion, nazwisk i adresu zamieszkania tych os\u00f3b.<br><br><\/p>\n\n\n\n<p class=\"has-text-align-center\">Z powa\u017caniem i \u0142\u0105cz\u0105c wyrazy szacunku,<\/p>\n\n\n\n<p class=\"has-text-align-center\">Prezes Zarz\u0105du<br>Sp\u00f3\u0142dzielni Mieszkaniowej \u201eStudent\u201d w Szczecinie<br>Piotr Bruli\u0144ski<\/p>\n\n\n\n<p><\/p>\n\n\n\n<p><\/p>\n\n\n\n<p><\/p>\n","protected":false},"excerpt":{"rendered":"<p>Szanowny Pan, Szanowna PaniDotyczy: przetwarzania danych osobowych przez Sp\u00f3\u0142dzielni\u0119 Mieszkaniow\u0105 \u201eStudent\u201d w Szczecinie Szanowni Pa\u0144stwo, Sp\u00f3\u0142dzielnia Mieszkaniowa \u201eStudent\u201d z siedzib\u0105 przy ul. Boguchwa\u0142y 3, 71-531 Szczecin (dalej jako: Sp\u00f3\u0142dzielnia) w trosce o posiadane Pa\u0144stwa dane osobowe uprzejmie informuje o prawach przys\u0142uguj\u0105cych Pani\/Panu na podstawie rozporz\u0105dzenia Parlamentu Europejskiego i Rady (UE) 2016\/679 z dnia 27 kwietnia [&hellip;]<\/p>\n","protected":false},"author":3,"featured_media":0,"parent":0,"menu_order":0,"comment_status":"closed","ping_status":"closed","template":"","meta":{"site-sidebar-layout":"default","site-content-layout":"","ast-site-content-layout":"","site-content-style":"default","site-sidebar-style":"default","ast-global-header-display":"","ast-banner-title-visibility":"","ast-main-header-display":"","ast-hfb-above-header-display":"","ast-hfb-below-header-display":"","ast-hfb-mobile-header-display":"","site-post-title":"","ast-breadcrumbs-content":"","ast-featured-img":"","footer-sml-layout":"","theme-transparent-header-meta":"","adv-header-id-meta":"","stick-header-meta":"","header-above-stick-meta":"","header-main-stick-meta":"","header-below-stick-meta":"","astra-migrate-meta-layouts":"default","ast-page-background-enabled":"default","ast-page-background-meta":{"desktop":{"background-color":"var(--ast-global-color-4)","background-image":"","background-repeat":"repeat","background-position":"center center","background-size":"auto","background-attachment":"scroll","background-type":"","background-media":"","overlay-type":"","overlay-color":"","overlay-opacity":"","overlay-gradient":""},"tablet":{"background-color":"","background-image":"","background-repeat":"repeat","background-position":"center center","background-size":"auto","background-attachment":"scroll","background-type":"","background-media":"","overlay-type":"","overlay-color":"","overlay-opacity":"","overlay-gradient":""},"mobile":{"background-color":"","background-image":"","background-repeat":"repeat","background-position":"center center","background-size":"auto","background-attachment":"scroll","background-type":"","background-media":"","overlay-type":"","overlay-color":"","overlay-opacity":"","overlay-gradient":""}},"ast-content-background-meta":{"desktop":{"background-color":"var(--ast-global-color-5)","background-image":"","background-repeat":"repeat","background-position":"center center","background-size":"auto","background-attachment":"scroll","background-type":"","background-media":"","overlay-type":"","overlay-color":"","overlay-opacity":"","overlay-gradient":""},"tablet":{"background-color":"var(--ast-global-color-5)","background-image":"","background-repeat":"repeat","background-position":"center center","background-size":"auto","background-attachment":"scroll","background-type":"","background-media":"","overlay-type":"","overlay-color":"","overlay-opacity":"","overlay-gradient":""},"mobile":{"background-color":"var(--ast-global-color-5)","background-image":"","background-repeat":"repeat","background-position":"center center","background-size":"auto","background-attachment":"scroll","background-type":"","background-media":"","overlay-type":"","overlay-color":"","overlay-opacity":"","overlay-gradient":""}},"footnotes":""},"class_list":["post-178","page","type-page","status-publish","hentry"],"publishpress_future_action":{"enabled":false,"date":"2026-05-10 16:49:36","action":"change-status","newStatus":"draft","terms":[],"taxonomy":"","extraData":[]},"publishpress_future_workflow_manual_trigger":{"enabledWorkflows":[]},"_links":{"self":[{"href":"https:\/\/smstudent.pl\/index.php\/wp-json\/wp\/v2\/pages\/178","targetHints":{"allow":["GET"]}}],"collection":[{"href":"https:\/\/smstudent.pl\/index.php\/wp-json\/wp\/v2\/pages"}],"about":[{"href":"https:\/\/smstudent.pl\/index.php\/wp-json\/wp\/v2\/types\/page"}],"author":[{"embeddable":true,"href":"https:\/\/smstudent.pl\/index.php\/wp-json\/wp\/v2\/users\/3"}],"replies":[{"embeddable":true,"href":"https:\/\/smstudent.pl\/index.php\/wp-json\/wp\/v2\/comments?post=178"}],"version-history":[{"count":6,"href":"https:\/\/smstudent.pl\/index.php\/wp-json\/wp\/v2\/pages\/178\/revisions"}],"predecessor-version":[{"id":418,"href":"https:\/\/smstudent.pl\/index.php\/wp-json\/wp\/v2\/pages\/178\/revisions\/418"}],"wp:attachment":[{"href":"https:\/\/smstudent.pl\/index.php\/wp-json\/wp\/v2\/media?parent=178"}],"curies":[{"name":"wp","href":"https:\/\/api.w.org\/{rel}","templated":true}]}}